{"id":49,"date":"2017-01-11T16:25:29","date_gmt":"2017-01-11T15:25:29","guid":{"rendered":"http:\/\/ny.hcnorn.dk\/?page_id=49"},"modified":"2017-01-11T16:25:29","modified_gmt":"2017-01-11T15:25:29","slug":"profil","status":"publish","type":"page","link":"https:\/\/hcnorn.dk\/?page_id=49","title":{"rendered":"Profil"},"content":{"rendered":"<p>HC Norn er grundlagt tilbage i 1980 af Hans Christian Norn. I 2008 overtog s\u00f8nnen Kent Petersen Norn og S\u00f8ren M\u00f8ller Petersen virksomheden.<br \/>\nVirksomheden bliver k\u00f8rt videre i samme \u00e5nd og efter samme politik. Vi er idag 7 ansatte, 5 svende og 2 l\u00e6rlinge.<br \/>\nKontoret ligger i p\u00e5 Abk\u00e6rvej 58 i udkanten Over Jerstal &#8211; lidt syd for Vojens. I samme bygning ligger vores snedkerv\u00e6rksted hvor vi fremstiller alt fra vinduer til tagkonstruktioner.<\/p>\n","protected":false},"excerpt":{"rendered":"<p>HC Norn er grundlagt tilbage i 1980 af Hans Christian Norn. I 2008 overtog s\u00f8nnen Kent Petersen Norn og S\u00f8ren M\u00f8ller Petersen virksomheden. Virksomheden bliver k\u00f8rt videre i samme \u00e5nd og efter samme politik. Vi er idag 7 ansatte, 5 svende og 2 l\u00e6rlinge. Kontoret ligger i p\u00e5 Abk\u00e6rvej 58 i udkanten Over Jerstal &#8211; &hellip; <\/p>\n<p class=\"link-more\"><a href=\"https:\/\/hcnorn.dk\/?page_id=49\" class=\"more-link\">L\u00e6s videre<span class=\"screen-reader-text\"> &#8220;Profil&#8221;<\/span><\/a><\/p>\n","protected":false},"author":2,"featured_media":0,"parent":0,"menu_order":0,"comment_status":"closed","ping_status":"closed","template":"","meta":{"footnotes":""},"class_list":["post-49","page","type-page","status-publish","hentry"],"_links":{"self":[{"href":"https:\/\/hcnorn.dk\/index.php?rest_route=\/wp\/v2\/pages\/49","targetHints":{"allow":["GET"]}}],"collection":[{"href":"https:\/\/hcnorn.dk\/index.php?rest_route=\/wp\/v2\/pages"}],"about":[{"href":"https:\/\/hcnorn.dk\/index.php?rest_route=\/wp\/v2\/types\/page"}],"author":[{"embeddable":true,"href":"https:\/\/hcnorn.dk\/index.php?rest_route=\/wp\/v2\/users\/2"}],"replies":[{"embeddable":true,"href":"https:\/\/hcnorn.dk\/index.php?rest_route=%2Fwp%2Fv2%2Fcomments&post=49"}],"version-history":[{"count":1,"href":"https:\/\/hcnorn.dk\/index.php?rest_route=\/wp\/v2\/pages\/49\/revisions"}],"predecessor-version":[{"id":50,"href":"https:\/\/hcnorn.dk\/index.php?rest_route=\/wp\/v2\/pages\/49\/revisions\/50"}],"wp:attachment":[{"href":"https:\/\/hcnorn.dk\/index.php?rest_route=%2Fwp%2Fv2%2Fmedia&parent=49"}],"curies":[{"name":"wp","href":"https:\/\/api.w.org\/{rel}","templated":true}]}}